{"id":60,"date":"2023-08-13T19:26:05","date_gmt":"2023-08-13T17:26:05","guid":{"rendered":"https:\/\/www.ciclopensarhacer.es\/?page_id=60"},"modified":"2023-08-17T12:24:30","modified_gmt":"2023-08-17T10:24:30","slug":"aportaciones","status":"publish","type":"page","link":"https:\/\/www.ciclopensarhacer.es\/index.php\/aportaciones\/","title":{"rendered":"Colaborar"},"content":{"rendered":"\n<div class=\"wpcf7 no-js\" id=\"wpcf7-f59-o1\" lang=\"es-ES\" dir=\"ltr\" data-wpcf7-id=\"59\">\n<div class=\"screen-reader-response\"><p role=\"status\" aria-live=\"polite\" aria-atomic=\"true\"><\/p> <ul><\/ul><\/div>\n<form action=\"\/index.php\/wp-json\/wp\/v2\/pages\/60#wpcf7-f59-o1\" method=\"post\" class=\"wpcf7-form init\" aria-label=\"Formulario de contacto\" enctype=\"multipart\/form-data\" novalidate=\"novalidate\" data-status=\"init\">\n<fieldset class=\"hidden-fields-container\"><input type=\"hidden\" name=\"_wpcf7\" value=\"59\" \/><input type=\"hidden\" name=\"_wpcf7_version\" value=\"6.1.5\" \/><input type=\"hidden\" name=\"_wpcf7_locale\" value=\"es_ES\" \/><input type=\"hidden\" name=\"_wpcf7_unit_tag\" value=\"wpcf7-f59-o1\" \/><input type=\"hidden\" name=\"_wpcf7_container_post\" value=\"0\" \/><input type=\"hidden\" name=\"_wpcf7_posted_data_hash\" value=\"\" \/><input type=\"hidden\" name=\"_wpcf7_recaptcha_response\" value=\"\" \/>\n<\/fieldset>\n<p style=\"text-align:justify;\"> Quien lo desee podr\u00e1 incorporar aqu\u00ed todas aquellas experiencias, t\u00e9cnicas o documentos que faciliten un mayor y mejor conocimiento de la problem\u00e1tica de las organizaciones p\u00fablicas y sociales y, tambi\u00e9n, de las entidades que trabajan en el tercer sector.<br \/>\nSon preferibles aquellas aportaciones basadas en la experiencia.<br \/>\nAntes de incorporar las aportaciones se revisar\u00e1n para estimar si se ajustan a lo que se pretende en este espacio.\n<\/p>\n<p><label> Tu nombre<br \/>\n<span class=\"wpcf7-form-control-wrap\" data-name=\"your-name\"><input size=\"40\" maxlength=\"400\" class=\"wpcf7-form-control wpcf7-text wpcf7-validates-as-required\" autocomplete=\"name\" aria-required=\"true\" aria-invalid=\"false\" value=\"\" type=\"text\" name=\"your-name\" \/><\/span> <\/label>\n<\/p>\n<p><label> Tu correo electr\u00f3nico<br \/>\n<span class=\"wpcf7-form-control-wrap\" data-name=\"your-email\"><input size=\"40\" maxlength=\"400\" class=\"wpcf7-form-control wpcf7-email wpcf7-validates-as-required wpcf7-text wpcf7-validates-as-email\" autocomplete=\"email\" aria-required=\"true\" aria-invalid=\"false\" value=\"\" type=\"email\" name=\"your-email\" \/><\/span> <\/label>\n<\/p>\n<p><label> Tu mensaje<br \/>\n<span class=\"wpcf7-form-control-wrap\" data-name=\"your-message\"><textarea cols=\"40\" rows=\"10\" maxlength=\"2000\" class=\"wpcf7-form-control wpcf7-textarea wpcf7-validates-as-required\" aria-required=\"true\" aria-invalid=\"false\" name=\"your-message\"><\/textarea><\/span> <\/label>\n<\/p>\n<p><label> Adjuntar archivos (Extensiones permitidas: pdf, jpg, jpeg, png)<br \/>\n<span class=\"wpcf7-form-control-wrap\" data-name=\"adjunto\"><input size=\"40\" class=\"wpcf7-form-control wpcf7-file\" accept=\".pdf,.jpg,.jpeg,.png\" aria-invalid=\"false\" type=\"file\" name=\"adjunto\" \/><\/span> <\/label>\n<\/p>\n<p><label>\n\t <\/label>\n<\/p>\n<p><input class=\"wpcf7-form-control wpcf7-submit has-spinner\" type=\"submit\" value=\"Enviar\" \/>\n<\/p><div class=\"wpcf7-response-output\" aria-hidden=\"true\"><\/div>\n<\/form>\n<\/div>\n\n","protected":false},"excerpt":{"rendered":"","protected":false},"author":1,"featured_media":0,"parent":0,"menu_order":0,"comment_status":"closed","ping_status":"closed","template":"","meta":{"footnotes":""},"class_list":["post-60","page","type-page","status-publish","hentry"],"yoast_head":"<!-- This site is optimized with the Yoast SEO plugin v27.5 - https:\/\/yoast.com\/product\/yoast-seo-wordpress\/ -->\n<title>Colaborar - Ciclo Pensar Hacer<\/title>\n<meta name=\"robots\" content=\"index, follow, max-snippet:-1, max-image-preview:large, max-video-preview:-1\" \/>\n<link rel=\"canonical\" href=\"https:\/\/www.ciclopensarhacer.es\/index.php\/aportaciones\/\" \/>\n<meta property=\"og:locale\" content=\"es_ES\" \/>\n<meta property=\"og:type\" content=\"article\" \/>\n<meta property=\"og:title\" content=\"Colaborar - Ciclo Pensar Hacer\" \/>\n<meta property=\"og:url\" content=\"https:\/\/www.ciclopensarhacer.es\/index.php\/aportaciones\/\" \/>\n<meta property=\"og:site_name\" content=\"Ciclo Pensar Hacer\" \/>\n<meta property=\"article:modified_time\" content=\"2023-08-17T10:24:30+00:00\" \/>\n<meta name=\"twitter:card\" content=\"summary_large_image\" \/>\n<script type=\"application\/ld+json\" class=\"yoast-schema-graph\">{\"@context\":\"https:\\\/\\\/schema.org\",\"@graph\":[{\"@type\":\"WebPage\",\"@id\":\"https:\\\/\\\/www.ciclopensarhacer.es\\\/index.php\\\/aportaciones\\\/\",\"url\":\"https:\\\/\\\/www.ciclopensarhacer.es\\\/index.php\\\/aportaciones\\\/\",\"name\":\"Colaborar - Ciclo Pensar Hacer\",\"isPartOf\":{\"@id\":\"https:\\\/\\\/www.ciclopensarhacer.es\\\/#website\"},\"datePublished\":\"2023-08-13T17:26:05+00:00\",\"dateModified\":\"2023-08-17T10:24:30+00:00\",\"breadcrumb\":{\"@id\":\"https:\\\/\\\/www.ciclopensarhacer.es\\\/index.php\\\/aportaciones\\\/#breadcrumb\"},\"inLanguage\":\"es\",\"potentialAction\":[{\"@type\":\"ReadAction\",\"target\":[\"https:\\\/\\\/www.ciclopensarhacer.es\\\/index.php\\\/aportaciones\\\/\"]}]},{\"@type\":\"BreadcrumbList\",\"@id\":\"https:\\\/\\\/www.ciclopensarhacer.es\\\/index.php\\\/aportaciones\\\/#breadcrumb\",\"itemListElement\":[{\"@type\":\"ListItem\",\"position\":1,\"name\":\"Portada\",\"item\":\"https:\\\/\\\/www.ciclopensarhacer.es\\\/\"},{\"@type\":\"ListItem\",\"position\":2,\"name\":\"Colaborar\"}]},{\"@type\":\"WebSite\",\"@id\":\"https:\\\/\\\/www.ciclopensarhacer.es\\\/#website\",\"url\":\"https:\\\/\\\/www.ciclopensarhacer.es\\\/\",\"name\":\"Ciclo Pensar Hacer\",\"description\":\"\",\"potentialAction\":[{\"@type\":\"SearchAction\",\"target\":{\"@type\":\"EntryPoint\",\"urlTemplate\":\"https:\\\/\\\/www.ciclopensarhacer.es\\\/?s={search_term_string}\"},\"query-input\":{\"@type\":\"PropertyValueSpecification\",\"valueRequired\":true,\"valueName\":\"search_term_string\"}}],\"inLanguage\":\"es\"}]}<\/script>\n<!-- \/ Yoast SEO plugin. -->","yoast_head_json":{"title":"Colaborar - Ciclo Pensar Hacer","robots":{"index":"index","follow":"follow","max-snippet":"max-snippet:-1","max-image-preview":"max-image-preview:large","max-video-preview":"max-video-preview:-1"},"canonical":"https:\/\/www.ciclopensarhacer.es\/index.php\/aportaciones\/","og_locale":"es_ES","og_type":"article","og_title":"Colaborar - Ciclo Pensar Hacer","og_url":"https:\/\/www.ciclopensarhacer.es\/index.php\/aportaciones\/","og_site_name":"Ciclo Pensar Hacer","article_modified_time":"2023-08-17T10:24:30+00:00","twitter_card":"summary_large_image","schema":{"@context":"https:\/\/schema.org","@graph":[{"@type":"WebPage","@id":"https:\/\/www.ciclopensarhacer.es\/index.php\/aportaciones\/","url":"https:\/\/www.ciclopensarhacer.es\/index.php\/aportaciones\/","name":"Colaborar - Ciclo Pensar Hacer","isPartOf":{"@id":"https:\/\/www.ciclopensarhacer.es\/#website"},"datePublished":"2023-08-13T17:26:05+00:00","dateModified":"2023-08-17T10:24:30+00:00","breadcrumb":{"@id":"https:\/\/www.ciclopensarhacer.es\/index.php\/aportaciones\/#breadcrumb"},"inLanguage":"es","potentialAction":[{"@type":"ReadAction","target":["https:\/\/www.ciclopensarhacer.es\/index.php\/aportaciones\/"]}]},{"@type":"BreadcrumbList","@id":"https:\/\/www.ciclopensarhacer.es\/index.php\/aportaciones\/#breadcrumb","itemListElement":[{"@type":"ListItem","position":1,"name":"Portada","item":"https:\/\/www.ciclopensarhacer.es\/"},{"@type":"ListItem","position":2,"name":"Colaborar"}]},{"@type":"WebSite","@id":"https:\/\/www.ciclopensarhacer.es\/#website","url":"https:\/\/www.ciclopensarhacer.es\/","name":"Ciclo Pensar Hacer","description":"","potentialAction":[{"@type":"SearchAction","target":{"@type":"EntryPoint","urlTemplate":"https:\/\/www.ciclopensarhacer.es\/?s={search_term_string}"},"query-input":{"@type":"PropertyValueSpecification","valueRequired":true,"valueName":"search_term_string"}}],"inLanguage":"es"}]}},"_links":{"self":[{"href":"https:\/\/www.ciclopensarhacer.es\/index.php\/wp-json\/wp\/v2\/pages\/60","targetHints":{"allow":["GET"]}}],"collection":[{"href":"https:\/\/www.ciclopensarhacer.es\/index.php\/wp-json\/wp\/v2\/pages"}],"about":[{"href":"https:\/\/www.ciclopensarhacer.es\/index.php\/wp-json\/wp\/v2\/types\/page"}],"author":[{"embeddable":true,"href":"https:\/\/www.ciclopensarhacer.es\/index.php\/wp-json\/wp\/v2\/users\/1"}],"replies":[{"embeddable":true,"href":"https:\/\/www.ciclopensarhacer.es\/index.php\/wp-json\/wp\/v2\/comments?post=60"}],"version-history":[{"count":2,"href":"https:\/\/www.ciclopensarhacer.es\/index.php\/wp-json\/wp\/v2\/pages\/60\/revisions"}],"predecessor-version":[{"id":179,"href":"https:\/\/www.ciclopensarhacer.es\/index.php\/wp-json\/wp\/v2\/pages\/60\/revisions\/179"}],"wp:attachment":[{"href":"https:\/\/www.ciclopensarhacer.es\/index.php\/wp-json\/wp\/v2\/media?parent=60"}],"curies":[{"name":"wp","href":"https:\/\/api.w.org\/{rel}","templated":true}]}}